{"id":2459,"date":"2025-04-10T12:26:46","date_gmt":"2025-04-10T12:26:46","guid":{"rendered":"https:\/\/a-aagora.web.ua.pt\/?page_id=2459"},"modified":"2025-04-10T15:32:02","modified_gmt":"2025-04-10T15:32:02","slug":"iniciativas-de-recolha-de-lixo-marinho","status":"publish","type":"page","link":"https:\/\/a-aagora.web.ua.pt\/index.php\/iniciativas-de-recolha-de-lixo-marinho\/","title":{"rendered":"Iniciativas de recolha de lixo marinho"},"content":{"rendered":"\t\t<div data-elementor-type=\"wp-page\" data-elementor-id=\"2459\" class=\"elementor elementor-2459\">\n\t\t\t\t<div class=\"elementor-element elementor-element-99cb855 e-flex e-con-boxed e-con e-parent\" data-id=\"99cb855\" data-element_type=\"container\">\n\t\t\t\t\t<div class=\"e-con-inner\">\n\t\t\t\t<div class=\"elementor-element elementor-element-1b7e8eb elementor-widget elementor-widget-accordion\" data-id=\"1b7e8eb\" data-element_type=\"widget\" data-widget_type=\"accordion.default\">\n\t\t\t\t<div class=\"elementor-widget-container\">\n\t\t\t<style>\/*! elementor - v3.21.0 - 26-05-2024 *\/\n.elementor-accordion{text-align:start}.elementor-accordion .elementor-accordion-item{border:1px solid #d5d8dc}.elementor-accordion .elementor-accordion-item+.elementor-accordion-item{border-top:none}.elementor-accordion .elementor-tab-title{margin:0;padding:15px 20px;font-weight:700;line-height:1;cursor:pointer;outline:none}.elementor-accordion .elementor-tab-title .elementor-accordion-icon{display:inline-block;width:1.5em}.elementor-accordion .elementor-tab-title .elementor-accordion-icon svg{width:1em;height:1em}.elementor-accordion .elementor-tab-title .elementor-accordion-icon.elementor-accordion-icon-right{float:right;text-align:right}.elementor-accordion .elementor-tab-title .elementor-accordion-icon.elementor-accordion-icon-left{float:left;text-align:left}.elementor-accordion .elementor-tab-title .elementor-accordion-icon .elementor-accordion-icon-closed{display:block}.elementor-accordion .elementor-tab-title .elementor-accordion-icon .elementor-accordion-icon-opened,.elementor-accordion .elementor-tab-title.elementor-active .elementor-accordion-icon-closed{display:none}.elementor-accordion .elementor-tab-title.elementor-active .elementor-accordion-icon-opened{display:block}.elementor-accordion .elementor-tab-content{display:none;padding:15px 20px;border-top:1px solid #d5d8dc}@media (max-width:767px){.elementor-accordion .elementor-tab-title{padding:12px 15px}.elementor-accordion .elementor-tab-title .elementor-accordion-icon{width:1.2em}.elementor-accordion .elementor-tab-content{padding:7px 15px}}.e-con-inner>.elementor-widget-accordion,.e-con>.elementor-widget-accordion{width:var(--container-widget-width);--flex-grow:var(--container-widget-flex-grow)}<\/style>\t\t<div class=\"elementor-accordion\">\n\t\t\t\t\t\t\t<div class=\"elementor-accordion-item\">\n\t\t\t\t\t<div id=\"elementor-tab-title-2881\" class=\"elementor-tab-title\" data-tab=\"1\" role=\"button\" aria-controls=\"elementor-tab-content-2881\" aria-expanded=\"false\">\n\t\t\t\t\t\t\t\t\t\t\t\t\t<span class=\"elementor-accordion-icon elementor-accordion-icon-left\" aria-hidden=\"true\">\n\t\t\t\t\t\t\t\t\t\t\t\t\t\t\t<span class=\"elementor-accordion-icon-closed\"><svg class=\"e-font-icon-svg e-fas-plus\" viewBox=\"0 0 448 512\" xmlns=\"http:\/\/www.w3.org\/2000\/svg\"><path d=\"M416 208H272V64c0-17.67-14.33-32-32-32h-32c-17.67 0-32 14.33-32 32v144H32c-17.67 0-32 14.33-32 32v32c0 17.67 14.33 32 32 32h144v144c0 17.67 14.33 32 32 32h32c17.67 0 32-14.33 32-32V304h144c17.67 0 32-14.33 32-32v-32c0-17.67-14.33-32-32-32z\"><\/path><\/svg><\/span>\n\t\t\t\t\t\t\t\t<span class=\"elementor-accordion-icon-opened\"><svg class=\"e-font-icon-svg e-fas-minus\" viewBox=\"0 0 448 512\" xmlns=\"http:\/\/www.w3.org\/2000\/svg\"><path d=\"M416 208H32c-17.67 0-32 14.33-32 32v32c0 17.67 14.33 32 32 32h384c17.67 0 32-14.33 32-32v-32c0-17.67-14.33-32-32-32z\"><\/path><\/svg><\/span>\n\t\t\t\t\t\t\t\t\t\t\t\t\t\t<\/span>\n\t\t\t\t\t\t\t\t\t\t\t\t<a class=\"elementor-accordion-title\" tabindex=\"0\">Todo o Pa\u00eds<\/a>\n\t\t\t\t\t<\/div>\n\t\t\t\t\t<div id=\"elementor-tab-content-2881\" class=\"elementor-tab-content elementor-clearfix\" data-tab=\"1\" role=\"region\" aria-labelledby=\"elementor-tab-title-2881\"><ul><li><a href=\"https:\/\/oceanconservancy.org\/trash-free-seas\/international-coastal-cleanup\/\" target=\"_blank\" rel=\"noopener\">Dia Internacional do Lixo Marinho<\/a><\/li><\/ul><\/div>\n\t\t\t\t<\/div>\n\t\t\t\t\t\t\t<div class=\"elementor-accordion-item\">\n\t\t\t\t\t<div id=\"elementor-tab-title-2882\" class=\"elementor-tab-title\" data-tab=\"2\" role=\"button\" aria-controls=\"elementor-tab-content-2882\" aria-expanded=\"false\">\n\t\t\t\t\t\t\t\t\t\t\t\t\t<span class=\"elementor-accordion-icon elementor-accordion-icon-left\" aria-hidden=\"true\">\n\t\t\t\t\t\t\t\t\t\t\t\t\t\t\t<span class=\"elementor-accordion-icon-closed\"><svg class=\"e-font-icon-svg e-fas-plus\" viewBox=\"0 0 448 512\" xmlns=\"http:\/\/www.w3.org\/2000\/svg\"><path d=\"M416 208H272V64c0-17.67-14.33-32-32-32h-32c-17.67 0-32 14.33-32 32v144H32c-17.67 0-32 14.33-32 32v32c0 17.67 14.33 32 32 32h144v144c0 17.67 14.33 32 32 32h32c17.67 0 32-14.33 32-32V304h144c17.67 0 32-14.33 32-32v-32c0-17.67-14.33-32-32-32z\"><\/path><\/svg><\/span>\n\t\t\t\t\t\t\t\t<span class=\"elementor-accordion-icon-opened\"><svg class=\"e-font-icon-svg e-fas-minus\" viewBox=\"0 0 448 512\" xmlns=\"http:\/\/www.w3.org\/2000\/svg\"><path d=\"M416 208H32c-17.67 0-32 14.33-32 32v32c0 17.67 14.33 32 32 32h384c17.67 0 32-14.33 32-32v-32c0-17.67-14.33-32-32-32z\"><\/path><\/svg><\/span>\n\t\t\t\t\t\t\t\t\t\t\t\t\t\t<\/span>\n\t\t\t\t\t\t\t\t\t\t\t\t<a class=\"elementor-accordion-title\" tabindex=\"0\">Distrito de Aveiro<\/a>\n\t\t\t\t\t<\/div>\n\t\t\t\t\t<div id=\"elementor-tab-content-2882\" class=\"elementor-tab-content elementor-clearfix\" data-tab=\"2\" role=\"region\" aria-labelledby=\"elementor-tab-title-2882\"><ul><li>Torreira &#8211; Praia do Monte Branco &#8211; <a href=\"https:\/\/www.facebook.com\/events\/393566241669956\/?active_tab=about\" target=\"_blank\" rel=\"noopener\">Opera\u00e7\u00e3o Margem Limpa<\/a> &#8211; (organiza\u00e7\u00e3o) Munic\u00edpio da Murtosa,\u00a0Agrup. 824 Torreira do Corpo Nacional de Escutas\u00a0e\u00a0Salv&#8217;Aqua &#8211; Associa\u00e7\u00e3o de Salvamento Aqu\u00e1tico e Assist\u00eancia a Banhistas &#8211; 31-10-2020<\/li><li>\u00a0Torreira &#8211; <a href=\"https:\/\/www.facebook.com\/events\/837635053732096\" target=\"_blank\" rel=\"noopener\">Dia Internacional da Limpeza Costeira<\/a> &#8211; (organiza\u00e7\u00e3o) Munic\u00edpio da Murtosa, Agrup. 824 Torreira do Corpo Nacional de Escutas e Salv&#8217;Aqua &#8211; Associa\u00e7\u00e3o de Salvamento Aqu\u00e1tico e Assist\u00eancia a Banhistas &#8211; 26-09-2023<\/li><li>\u00a0Torreira &#8211; <a href=\"https:\/\/www.facebook.com\/groups\/1849677881963213\/\" target=\"_blank\" rel=\"noopener\">Dia Internacional da Limpeza Costeira<\/a> &#8211; (organiza\u00e7\u00e3o) Salv&#8217;Aqua &#8211; Associa\u00e7\u00e3o de Salvamento Aqu\u00e1tico e Assist\u00eancia a Banhistas &#8211; Set. 2025<\/li><li>\u00a0S\u00e3o Jacinto &#8211; <a href=\"https:\/\/www.lpn.pt\/pt\/agenda\/acao-de-limpeza-na-praia-de-sao-jacinto-aveiro\" target=\"_blank\" rel=\"noopener\">Limpeza da Praia de S\u00e3o Jacinto<\/a> &#8211; (organiza\u00e7\u00e3o) LPN, Coca-Cola Europacific Partners (CCEP), CMAveiro &#8211; 21-11- 2023<\/li><li>Gafanha da Nazar\u00e9\/Gafanha da Encarna\u00e7\u00e3o &#8211;<a href=\"https:\/\/www.facebook.com\/photo\/?fbid=935906525202007&amp;set=a.477971090995555&amp;locale=pt_BR\" target=\"_blank\" rel=\"noopener\"> Limpeza e mergulho na Ria de Aveiro<\/a> &#8211; (organiza\u00e7\u00e3o) Trilhos d&#8217;agua &#8211; 1 Maio 2024<\/li><li>Praia da Barra &#8211; <a href=\"https:\/\/www.facebook.com\/photo?fbid=863468749152074&amp;set=a.552660416899577\" target=\"_blank\" rel=\"noopener\">Ca\u00e7a \u00e0 beata<\/a> &#8211; (organiza\u00e7\u00e3o) Associa\u00e7\u00e3o dos Amigos da Praia da Barra\/JF Gafanha da Nazar\u00e9 &#8211; 03-08-2024<\/li><\/ul><\/div>\n\t\t\t\t<\/div>\n\t\t\t\t\t\t\t<div class=\"elementor-accordion-item\">\n\t\t\t\t\t<div id=\"elementor-tab-title-2883\" class=\"elementor-tab-title\" data-tab=\"3\" role=\"button\" aria-controls=\"elementor-tab-content-2883\" aria-expanded=\"false\">\n\t\t\t\t\t\t\t\t\t\t\t\t\t<span class=\"elementor-accordion-icon elementor-accordion-icon-left\" aria-hidden=\"true\">\n\t\t\t\t\t\t\t\t\t\t\t\t\t\t\t<span class=\"elementor-accordion-icon-closed\"><svg class=\"e-font-icon-svg e-fas-plus\" viewBox=\"0 0 448 512\" xmlns=\"http:\/\/www.w3.org\/2000\/svg\"><path d=\"M416 208H272V64c0-17.67-14.33-32-32-32h-32c-17.67 0-32 14.33-32 32v144H32c-17.67 0-32 14.33-32 32v32c0 17.67 14.33 32 32 32h144v144c0 17.67 14.33 32 32 32h32c17.67 0 32-14.33 32-32V304h144c17.67 0 32-14.33 32-32v-32c0-17.67-14.33-32-32-32z\"><\/path><\/svg><\/span>\n\t\t\t\t\t\t\t\t<span class=\"elementor-accordion-icon-opened\"><svg class=\"e-font-icon-svg e-fas-minus\" viewBox=\"0 0 448 512\" xmlns=\"http:\/\/www.w3.org\/2000\/svg\"><path d=\"M416 208H32c-17.67 0-32 14.33-32 32v32c0 17.67 14.33 32 32 32h384c17.67 0 32-14.33 32-32v-32c0-17.67-14.33-32-32-32z\"><\/path><\/svg><\/span>\n\t\t\t\t\t\t\t\t\t\t\t\t\t\t<\/span>\n\t\t\t\t\t\t\t\t\t\t\t\t<a class=\"elementor-accordion-title\" tabindex=\"0\">Distrito de Coimbra<\/a>\n\t\t\t\t\t<\/div>\n\t\t\t\t\t<div id=\"elementor-tab-content-2883\" class=\"elementor-tab-content elementor-clearfix\" data-tab=\"3\" role=\"region\" aria-labelledby=\"elementor-tab-title-2883\"><ul><li>Coimbra &#8211; Praia Fluvial do Rebolim &#8211; (organiza\u00e7\u00e3o) <a href=\"https:\/\/www.facebook.com\/AJCLMissaoVerde\" target=\"_blank\" rel=\"noopener\">Associa\u00e7\u00e3o Jovens Crist\u00e3os de Luso<\/a> &#8211; set. 2025\u00a0<\/li><li>\u00a0Mira &#8211; Praia de Mira &#8211; (organiza\u00e7\u00e3o) Adamastor &#8211; Dia Internacional da Limpeza Costeira &#8211; Associa\u00e7\u00e3o de Nadadores Salvadores de Mira &#8211; set. 2025 (mais informa\u00e7\u00e3o brevemente)<\/li><li>Mira &#8211; Praia de Mira &#8211; Deixa apenas a tua pegada (organiza\u00e7\u00e3o) Adamastor &#8211; Associa\u00e7\u00e3o de Nadadores Salvadores de Mira &#8211; 02-06-2024<\/li><li>Mira &#8211; Praia de Mira e Po\u00e7o da Cruz &#8211; <a href=\"https:\/\/www.cm-mira.pt\/node\/3058\" target=\"_blank\" rel=\"noopener\">Deixa apenas a tua pegada<\/a> (organiza\u00e7\u00e3o) Adamastor &#8211; Associa\u00e7\u00e3o de Nadadores Salvadores de Mira &#8211; 23-06-2023<\/li><\/ul><\/div>\n\t\t\t\t<\/div>\n\t\t\t\t\t\t\t<div class=\"elementor-accordion-item\">\n\t\t\t\t\t<div id=\"elementor-tab-title-2884\" class=\"elementor-tab-title\" data-tab=\"4\" role=\"button\" aria-controls=\"elementor-tab-content-2884\" aria-expanded=\"false\">\n\t\t\t\t\t\t\t\t\t\t\t\t\t<span class=\"elementor-accordion-icon elementor-accordion-icon-left\" aria-hidden=\"true\">\n\t\t\t\t\t\t\t\t\t\t\t\t\t\t\t<span class=\"elementor-accordion-icon-closed\"><svg class=\"e-font-icon-svg e-fas-plus\" viewBox=\"0 0 448 512\" xmlns=\"http:\/\/www.w3.org\/2000\/svg\"><path d=\"M416 208H272V64c0-17.67-14.33-32-32-32h-32c-17.67 0-32 14.33-32 32v144H32c-17.67 0-32 14.33-32 32v32c0 17.67 14.33 32 32 32h144v144c0 17.67 14.33 32 32 32h32c17.67 0 32-14.33 32-32V304h144c17.67 0 32-14.33 32-32v-32c0-17.67-14.33-32-32-32z\"><\/path><\/svg><\/span>\n\t\t\t\t\t\t\t\t<span class=\"elementor-accordion-icon-opened\"><svg class=\"e-font-icon-svg e-fas-minus\" viewBox=\"0 0 448 512\" xmlns=\"http:\/\/www.w3.org\/2000\/svg\"><path d=\"M416 208H32c-17.67 0-32 14.33-32 32v32c0 17.67 14.33 32 32 32h384c17.67 0 32-14.33 32-32v-32c0-17.67-14.33-32-32-32z\"><\/path><\/svg><\/span>\n\t\t\t\t\t\t\t\t\t\t\t\t\t\t<\/span>\n\t\t\t\t\t\t\t\t\t\t\t\t<a class=\"elementor-accordion-title\" tabindex=\"0\">Distrito de Leiria<\/a>\n\t\t\t\t\t<\/div>\n\t\t\t\t\t<div id=\"elementor-tab-content-2884\" class=\"elementor-tab-content elementor-clearfix\" data-tab=\"4\" role=\"region\" aria-labelledby=\"elementor-tab-title-2884\"><ul><li>Peniche &#8211; (Organiza\u00e7\u00e3o) C\u00e2mara Municipal de Peniche &#8211; (Local) Fortaleza de Peniche &#8211; Set. 2025 (mais informa\u00e7\u00e3o brevemente)<\/li><\/ul><\/div>\n\t\t\t\t<\/div>\n\t\t\t\t\t\t\t\t<\/div>\n\t\t\t\t<\/div>\n\t\t\t\t<\/div>\n\t\t\t\t\t<\/div>\n\t\t\t\t<\/div>\n\t\t\t\t<\/div>\n\t\t","protected":false},"excerpt":{"rendered":"<p>Todo o Pa\u00eds Dia Internacional do Lixo Marinho Distrito de Aveiro Torreira &#8211; Praia do Monte Branco &#8211; Opera\u00e7\u00e3o Margem Limpa &#8211; (organiza\u00e7\u00e3o) Munic\u00edpio da Murtosa,\u00a0Agrup. 824 Torreira do Corpo Nacional de Escutas\u00a0e\u00a0Salv&#8217;Aqua &#8211; Associa\u00e7\u00e3o de Salvamento Aqu\u00e1tico e Assist\u00eancia a Banhistas &#8211; 31-10-2020 \u00a0Torreira &#8211; Dia Internacional da Limpeza Costeira &#8211; (organiza\u00e7\u00e3o) Munic\u00edpio da [&hellip;]<\/p>\n","protected":false},"author":1,"featured_media":0,"parent":0,"menu_order":0,"comment_status":"closed","ping_status":"closed","template":"page-templates\/pagebuilder.php","meta":{"footnotes":""},"_links":{"self":[{"href":"https:\/\/a-aagora.web.ua.pt\/index.php\/wp-json\/wp\/v2\/pages\/2459"}],"collection":[{"href":"https:\/\/a-aagora.web.ua.pt\/index.php\/wp-json\/wp\/v2\/pages"}],"about":[{"href":"https:\/\/a-aagora.web.ua.pt\/index.php\/wp-json\/wp\/v2\/types\/page"}],"author":[{"embeddable":true,"href":"https:\/\/a-aagora.web.ua.pt\/index.php\/wp-json\/wp\/v2\/users\/1"}],"replies":[{"embeddable":true,"href":"https:\/\/a-aagora.web.ua.pt\/index.php\/wp-json\/wp\/v2\/comments?post=2459"}],"version-history":[{"count":22,"href":"https:\/\/a-aagora.web.ua.pt\/index.php\/wp-json\/wp\/v2\/pages\/2459\/revisions"}],"predecessor-version":[{"id":2558,"href":"https:\/\/a-aagora.web.ua.pt\/index.php\/wp-json\/wp\/v2\/pages\/2459\/revisions\/2558"}],"wp:attachment":[{"href":"https:\/\/a-aagora.web.ua.pt\/index.php\/wp-json\/wp\/v2\/media?parent=2459"}],"curies":[{"name":"wp","href":"https:\/\/api.w.org\/{rel}","templated":true}]}}