{"id":7,"date":"2023-10-31T12:47:53","date_gmt":"2023-10-31T12:47:53","guid":{"rendered":"https:\/\/a-aagora.web.ua.pt\/?page_id=3"},"modified":"2024-07-18T14:24:59","modified_gmt":"2024-07-18T14:24:59","slug":"politica-privacidade","status":"publish","type":"page","link":"https:\/\/a-aagora.web.ua.pt\/index.php\/politica-privacidade\/","title":{"rendered":"Prote\u00e7\u00e3o de dados"},"content":{"rendered":"\n<h2 class=\"wp-block-heading\">Dados pessoais<\/h2>\n\n\n\n<p>No website A-AAGORA, a prote\u00e7\u00e3o dos seus dados pessoais \u00e9 uma prioridade, tendo como protocolo as regras de prote\u00e7\u00e3o de dados desenvolvida pela Universidade de Aveiro, isso porque todos os dados do A-AAGORA s\u00e3o alocados sob dom\u00ednio da Universidade de Aveiro. Neste sentido, respeita-se o seguinte protocolo:<\/p>\n\n\n\n<p>A Universidade de Aveiro respeita a sua privacidade enquanto utilizador do seu sistema de informa\u00e7\u00e3o (SIUA), garantindo a seguran\u00e7a e a confidencialidade dos dados pessoais que partilhe com a institui\u00e7\u00e3o por esta via, n\u00e3o recolhendo qualquer informa\u00e7\u00e3o pessoal sobre si sem o seu consentimento, nos termos exigidos pelo&nbsp;<a href=\"https:\/\/www.ua.pt\/file\/53844\">Regulamento Geral de Prote\u00e7\u00e3o de Dados<\/a> (RGPD).<\/p>\n\n\n\n<p>Os dados recolhidos em formul\u00e1rios destinam-se exclusivamente ao processamento de pedidos dos utilizadores e n\u00e3o ser\u00e3o usados para qualquer outro fim, salvaguardando-se sempre a sua confidencialidade, nos termos da prote\u00e7\u00e3o conferida pelo referido regulamento.<\/p>\n\n\n\n<p>A recolha e tratamento de dados \u00e9 da responsabilidade da Universidade de Aveiro e o seu armazenamento \u00e9 devidamente protegido, podendo apenas ser aceder \u00e0 informa\u00e7\u00e3o os trabalhadores da Universidade de Aveiro autorizados no \u00e2mbito das suas fun\u00e7\u00f5es, estando sempre claro nos respetivos formul\u00e1rios de recolha os fins a que se destinam. As restantes quest\u00f5es a considerar nesta mat\u00e9ria ser\u00e3o tratadas pela Universidade de Aveiro de acordo com o regime estabelecido pelo RGPD.<\/p>\n\n\n\n<p><\/p>\n\n\n\n<h2 class=\"wp-block-heading\">Pol\u00edtica de Cookies<\/h2>\n\n\n\n<p>Os cookies s\u00e3o pequenos ficheiros com informa\u00e7\u00e3o alfanum\u00e9rica gravados no disco r\u00edgido do seu computador pelo navegador e t\u00eam como objetivo melhorar a experi\u00eancia dos utilizadores e a melhoria de navega\u00e7\u00e3o no website.<\/p>\n\n\n\n<p><strong>Recolha e utiliza\u00e7\u00e3o de informa\u00e7\u00e3o t\u00e9cnica<\/strong><br>As informa\u00e7\u00f5es t\u00e9cnicas registadas nos cookies, relativas \u00e0s visitas ao SIUA, consistem em:<br>&#8211; endere\u00e7o de IP (Internet Protocol) do visitante;<br>&#8211; tipo de navegador de Internet (browser) utilizado pelo visitante do site e o respetivo sistema operativo usado;<br>&#8211; a data e a hora da consulta;<br>&#8211;  as p\u00e1ginas visitadas no site e os documentos descarregados.<\/p>\n\n\n\n<p>A informa\u00e7\u00e3o t\u00e9cnica recolhida \u00e9 utilizada apenas para fins estat\u00edsticos.<\/p>\n\n\n\n<p class=\"has-medium-font-size\">Cookies utilizados<\/p>\n\n\n\n<p><strong>Cookies de sess\u00e3o<\/strong> &#8211; Estes cookies s\u00e3o utilizados para registar as prefer\u00eancias do utilizador, tal como a l\u00edngua em que os websites s\u00e3o apresentados ou para manter as sess\u00f5es de utilizadores autenticadas, sendo automaticamente apagados quando o navegador \u00e9 fechado.<\/p>\n\n\n\n<p><strong>Cookies persistentes<\/strong> &#8211; Estes cookies guardam informa\u00e7\u00e3o que \u00e9 necess\u00e1ria entre sess\u00f5es. Por exemplo, \u00e9 guardado um cookie persistente para registar que o utilizador tomou conhecimento da pol\u00edtica de cookies e assim n\u00e3o voltar a mostrar a mensagem relativa a esta pol\u00edtica, na pr\u00f3xima vez que visitar o website. Este cookie mant\u00e9m-se no computador at\u00e9 chegar a sua data de expira\u00e7\u00e3o ou ser apagado pelo utilizador.<br>Para tomar conhecimento de todos os cookies utilizados no SIUA, consulte Pol\u00edtica de Cookies em detalhe.<\/p>\n\n\n\n<p><\/p>\n\n\n\n<h2 class=\"wp-block-heading\">Prote\u00e7\u00e3o de dados<\/h2>\n\n\n\n<p>A presente pol\u00edtica de privacidade abrange o Sistema de Informa\u00e7\u00e3o da Universidade de Aveiro (SIUA), regendo-se pelo <a href=\"https:\/\/www.ua.pt\/file\/53844\">Regulamento Geral de Prote\u00e7\u00e3o de Dados<\/a> (RGPD), Regulamento (UE) n.\u00ba 2016\/679, de 27 de abril de 2016.<\/p>\n\n\n\n<p><\/p>\n\n\n\n<h2 class=\"wp-block-heading\">Encarregado de Prote\u00e7\u00e3o de Dados<\/h2>\n\n\n\n<p>A Universidade de Aveiro tem um\u00a0<a href=\"https:\/\/www.ua.pt\/pt\/rgpd\/page\/24346\">Encarregado de Prote\u00e7\u00e3o de Dados<\/a> (EPD) \/ Data Protection Officer (DPO), que garante a conformidade do tratamento de dados pessoais com a legisla\u00e7\u00e3o em vigor, estando dispon\u00edvel atrav\u00e9s do endere\u00e7o de correio eletr\u00f3nico <a href=\"mailto:epd@ua.pt\">epd@ua.pt<\/a>.<\/p>\n","protected":false},"excerpt":{"rendered":"<p>Dados pessoais No website A-AAGORA, a prote\u00e7\u00e3o dos seus dados pessoais \u00e9 uma prioridade, tendo como protocolo as regras de prote\u00e7\u00e3o de dados desenvolvida pela Universidade de Aveiro, isso porque todos os dados do A-AAGORA s\u00e3o alocados sob dom\u00ednio da Universidade de Aveiro. Neste sentido, respeita-se o seguinte protocolo: A Universidade de Aveiro respeita a [&hellip;]<\/p>\n","protected":false},"author":1,"featured_media":0,"parent":0,"menu_order":0,"comment_status":"closed","ping_status":"closed","template":"","meta":{"footnotes":""},"_links":{"self":[{"href":"https:\/\/a-aagora.web.ua.pt\/index.php\/wp-json\/wp\/v2\/pages\/7"}],"collection":[{"href":"https:\/\/a-aagora.web.ua.pt\/index.php\/wp-json\/wp\/v2\/pages"}],"about":[{"href":"https:\/\/a-aagora.web.ua.pt\/index.php\/wp-json\/wp\/v2\/types\/page"}],"author":[{"embeddable":true,"href":"https:\/\/a-aagora.web.ua.pt\/index.php\/wp-json\/wp\/v2\/users\/1"}],"replies":[{"embeddable":true,"href":"https:\/\/a-aagora.web.ua.pt\/index.php\/wp-json\/wp\/v2\/comments?post=7"}],"version-history":[{"count":1,"href":"https:\/\/a-aagora.web.ua.pt\/index.php\/wp-json\/wp\/v2\/pages\/7\/revisions"}],"predecessor-version":[{"id":1918,"href":"https:\/\/a-aagora.web.ua.pt\/index.php\/wp-json\/wp\/v2\/pages\/7\/revisions\/1918"}],"wp:attachment":[{"href":"https:\/\/a-aagora.web.ua.pt\/index.php\/wp-json\/wp\/v2\/media?parent=7"}],"curies":[{"name":"wp","href":"https:\/\/api.w.org\/{rel}","templated":true}]}}